{"id":374,"date":"2019-01-07T16:23:08","date_gmt":"2019-01-07T15:23:08","guid":{"rendered":"http:\/\/gallzeiner-rodel.at\/tirol\/?page_id=374"},"modified":"2019-03-02T19:38:20","modified_gmt":"2019-03-02T18:38:20","slug":"produkte","status":"publish","type":"page","link":"https:\/\/gallzeiner-rodel.at\/tirol\/produkte\/","title":{"rendered":"Produkte"},"content":{"rendered":"<p>[vc_row][vc_column]<div class=\"section_header tblock-box text-center  \"><h1 class=\"tblock \" style=\"color:#5e4a3c !important;\">Die Gallzeiner Rodel-Modelle<\/h1><\/div>[vc_empty_space height=&#8220;50px&#8220;][\/vc_column][\/vc_row][vc_row][vc_column][vc_tta_tour style=&#8220;modern&#8220; color=&#8220;chino&#8220; spacing=&#8220;25&#8243; active_section=&#8220;1&#8243; no_fill_content_area=&#8220;true&#8220;][vc_tta_section title=&#8220;DIE KLASSISCHEN GALLZEINER RODELN:&#8220; tab_id=&#8220;1546952772686-c4792a8a-9dac&#8220;][vc_row_inner][vc_column_inner width=&#8220;1\/2&#8243;][vc_single_image image=&#8220;395&#8243; img_size=&#8220;large&#8220;][\/vc_column_inner][vc_column_inner width=&#8220;1\/2&#8243;][vc_column_text]<\/p>\n<h4><span style=\"color: #5e4a3c;\">Sport-Spa\u00df-Freizeitcharakter, angenehmes Fahrverhalten, leicht lenkbar.<\/span><\/h4>\n<p>[\/vc_column_text][vc_btn title=&#8220;\u00bb\u00bb zu den Produkten&#8220; color=&#8220;orange&#8220; size=&#8220;lg&#8220; link=&#8220;url:https%3A%2F%2Fgallzeiner-rodel.at%2Ftirol%2Fklassische-gallzeiner-22%2F|||&#8220;][\/vc_column_inner][\/vc_row_inner][\/vc_tta_section][vc_tta_section title=&#8220;DIE KLASSISCHEN GALLZEINER RODELN SPORT:&#8220; tab_id=&#8220;1551159226753-cb49631b-ad66&#8243;][vc_row_inner][vc_column_inner width=&#8220;1\/2&#8243;][vc_single_image image=&#8220;468&#8243; img_size=&#8220;large&#8220;][\/vc_column_inner][vc_column_inner width=&#8220;1\/2&#8243;][vc_column_text]<\/p>\n<h4><span style=\"color: #5e4a3c;\">Familientaugliches Allroundger\u00e4t. Durch seine etwas aggressivere (tiefere) Sitzposition und auch st\u00e4rkeren Kantendruck einfach noch mehr Sportlichkeit.<br \/>\n<\/span><\/h4>\n<p>[\/vc_column_text][vc_btn title=&#8220;\u00bb\u00bb zu den Produkten&#8220; color=&#8220;orange&#8220; size=&#8220;lg&#8220; link=&#8220;url:https%3A%2F%2Fgallzeiner-rodel.at%2Ftirol%2Fklassische_gallzeiner_sport%2F|||&#8220;][\/vc_column_inner][\/vc_row_inner][\/vc_tta_section][vc_tta_section title=&#8220;UNSERE FUN-SPORT RODELN:&#8220; tab_id=&#8220;1546953342390-80179f53-9a57&#8243;][vc_row_inner][vc_column_inner width=&#8220;1\/2&#8243;][vc_single_image image=&#8220;458&#8243; img_size=&#8220;large&#8220;][\/vc_column_inner][vc_column_inner width=&#8220;1\/2&#8243;][vc_column_text]<\/p>\n<h4><span style=\"color: #5e4a3c;\">Sport-Freizeitcharakter, etwas tiefere Sitzposition, st\u00e4rkerer Kantendruck, somit aggressivere Fahrweise m\u00f6glich.<\/span><\/h4>\n<p>[\/vc_column_text][vc_btn title=&#8220;\u00bb\u00bb zu den Produkten&#8220; color=&#8220;orange&#8220; size=&#8220;lg&#8220; link=&#8220;url:https%3A%2F%2Fgallzeiner-rodel.at%2Ftirol%2Ffunsportrodeln%2F|||&#8220;][\/vc_column_inner][\/vc_row_inner][\/vc_tta_section][vc_tta_section title=&#8220;DIE RENNMODELLE \u201eElite WR Professional\u201c&#8220; tab_id=&#8220;1546953341435-6fc9f983-3300&#8243;][vc_row_inner][vc_column_inner width=&#8220;1\/2&#8243;][vc_single_image image=&#8220;485&#8243; img_size=&#8220;large&#8220;][\/vc_column_inner][vc_column_inner width=&#8220;1\/2&#8243;][vc_column_text]<\/p>\n<h4><span style=\"color: #5e4a3c;\">Das aktuelle Modell im Rodel-Rennsport, n\u00e4here Infos bei eurem Rodelmacher Bernhard, limitierte Auflage.<\/span><\/h4>\n<p>[\/vc_column_text][vc_btn title=&#8220;\u00bb\u00bb zu den Produkten&#8220; color=&#8220;orange&#8220; size=&#8220;lg&#8220; link=&#8220;url:https%3A%2F%2Fgallzeiner-rodel.at%2Ftirol%2Felite_wr_professionell%2F|||&#8220;][\/vc_column_inner][\/vc_row_inner][\/vc_tta_section][\/vc_tta_tour][\/vc_column][\/vc_row][vc_row][vc_column][vc_empty_space height=&#8220;30px&#8220;]<div class=\"section_header tblock-box text-center  \"><h1 class=\"tblock \" style=\"color:#5e4a3c !important;\">Modellbeschreibungen<\/h1><\/div>[vc_empty_space height=&#8220;50px&#8220;][\/vc_column][\/vc_row][vc_row][vc_column width=&#8220;1\/2&#8243;][vc_tta_accordion style=&#8220;modern&#8220; color=&#8220;chino&#8220; spacing=&#8220;10&#8243; active_section=&#8220;100&#8243; collapsible_all=&#8220;true&#8220;][vc_tta_section title=&#8220;Klassischer Gallzeiner&#8220; tab_id=&#8220;1546875586140-82ff3975-93679737-ef0fc19b-f8c5&#8243;][vc_column_text]<strong>Einsitzer, Doppelsitzer, Damen, Jugend, Kinder, Mini<\/strong>, diese vermitteln gleicherma\u00dfen <strong>Spa\u00df, Sport<\/strong>, und <strong>Freizeitcharakter<\/strong>, sind sehr lenkfreudig, f\u00fcrs <strong>Familienrodeln<\/strong> <strong>als auch f\u00fcrs \u201eDorfrennen<\/strong>\u201c sehr geeignet.[\/vc_column_text][\/vc_tta_section][vc_tta_section title=&#8220;Die Ausf\u00fchrung Komfort&#8220; tab_id=&#8220;1546875586158-cd8dcb86-25e99737-ef0fc19b-f8c5&#8243;][vc_column_text]<strong>(Erh\u00f6hte Sitzposition)<\/strong> Steht ebenfalls f\u00fcr <strong>Spa\u00df, Sport, Freizeit<\/strong> und vermittelt durch die <strong>erh\u00f6hte Sitzposition noch mehr Komfort und Gem\u00fctlichkeit<\/strong> ohne an Lenkfreudigkeit zu verlieren.[\/vc_column_text][\/vc_tta_section][vc_tta_section title=&#8220;Die Klassische Gallzeiner Sport&#8220; tab_id=&#8220;1546876009431-eb7db633-99f39737-ef0fc19b-f8c5&#8243;][vc_column_text]Ist ebenfalls ein <strong>familientaugliches Allroundger\u00e4t<\/strong> und vermittelt durch seine etwas <strong>aggressivere (tiefere) Sitzposition<\/strong> und auch <strong>st\u00e4rkeren Kantendruck<\/strong> einfach noch <strong>mehr Sportlichkeit.<\/strong>[\/vc_column_text][\/vc_tta_section][vc_tta_section title=&#8220;Die Klassische Gallzeiner Sport R&#8220; tab_id=&#8220;1546876066508-eb4ad999-6dfe9737-ef0fc19b-f8c5&#8243;][vc_column_text]Als auch das <strong>Rennmodell Elite leicht Prof.<\/strong> stehen f\u00fcr <strong>\u201eFun\u201c Sport<\/strong> <strong>im modernen Design<\/strong>, f\u00fcr begeisterte Rodler eine interessante als auch g\u00fcnstige M\u00f6glichkeit <strong>viel Sportcharakter beim Rodeln zu erleben.<\/strong>[\/vc_column_text][\/vc_tta_section][\/vc_tta_accordion][vc_column_text]<span style=\"color: #614b3d;\">Die Rennmodelle <strong>Elite WR Prof. Schneeracing <\/strong>und <strong>Elite WR Prof. Aktiv<\/strong> z\u00e4hlen zu den <strong>\u201eHigh-lights\u201c der Gallzeiner Rennmodelle.<\/strong><\/span>[\/vc_column_text][vc_tta_accordion style=&#8220;modern&#8220; color=&#8220;chino&#8220; spacing=&#8220;10&#8243; active_section=&#8220;100&#8243; collapsible_all=&#8220;true&#8220;][vc_tta_section title=&#8220;Die WR Prof. Schneeracing&#8220; tab_id=&#8220;1546876134388-39314406-956f9737-ef0fc19b-f8c5&#8243;][vc_column_text]Ist eine optimierte Variante f\u00fcrs klassische Schneerodeln bzw. Aktivrodeln (Schnee bzw. leicht vereiste Bahnen)[\/vc_column_text][\/vc_tta_section][vc_tta_section title=&#8220;Die WR Professionell AKTIV&#8220; tab_id=&#8220;1546876134433-ddceb799-c8f49737-ef0fc19b-f8c5&#8243;][vc_column_text]Ist besonders in Verbindung mit dem <strong>\u201eGradtuning\u201c (Schienenschleiftechnik<\/strong>) daf\u00fcr optimiert und eine <strong>sportliche Herausforderung auf aktiven Rodelbahnen (Schnee,Eis)<\/strong>[\/vc_column_text][\/vc_tta_section][vc_tta_section title=&#8220;Die Gallzeiner Rodel VISION&#8220; tab_id=&#8220;1546876134467-857ebe29-b3409737-ef0fc19b-f8c5&#8243;][vc_column_text]Gallzeiner Rodel <strong>&#8222;VISION&#8220;<\/strong><br \/>\n<strong>Nur als Sommerbestellung (bis ende August)<\/strong> bietet die Gallzeiner Rodelwerkstatt <strong>&#8222;Stammkunden&#8220;<\/strong> die M\u00f6glichkeit &#8222;ausschlie\u00dflich&#8220; in einem pers\u00f6nlichen Beratungsgespr\u00e4ch seine <strong>eigenen Sonderw\u00fcnsche<\/strong> umsetzen zu lassen.[\/vc_column_text][\/vc_tta_section][\/vc_tta_accordion][\/vc_column][vc_column width=&#8220;1\/2&#8243;][vc_single_image image=&#8220;606&#8243; img_size=&#8220;full&#8220; alignment=&#8220;center&#8220; onclick=&#8220;img_link_large&#8220;][\/vc_column][\/vc_row]<\/p>\n","protected":false},"excerpt":{"rendered":"<p>[vc_row][vc_column][vc_empty_space height=&#8220;50px&#8220;][\/vc_column][\/vc_row][vc_row][vc_column][vc_tta_tour style=&#8220;modern&#8220; color=&#8220;chino&#8220; spacing=&#8220;25&#8243; active_section=&#8220;1&#8243; no_fill_content_area=&#8220;true&#8220;][vc_tta_section title=&#8220;DIE KLASSISCHEN GALLZEINER RODELN:&#8220; tab_id=&#8220;1546952772686-c4792a8a-9dac&#8220;][vc_row_inner][vc_column_inner width=&#8220;1\/2&#8243;][vc_single_image image=&#8220;395&#8243; img_size=&#8220;large&#8220;][\/vc_column_inner][vc_column_inner width=&#8220;1\/2&#8243;][vc_column_text] Sport-Spa\u00df-Freizeitcharakter, angenehmes Fahrverhalten, leicht lenkbar. [\/vc_column_text][vc_btn title=&#8220;\u00bb\u00bb zu den Produkten&#8220; color=&#8220;orange&#8220; size=&#8220;lg&#8220; link=&#8220;url:https%3A%2F%2Fgallzeiner-rodel.at%2Ftirol%2Fklassische-gallzeiner-22%2F|||&#8220;][\/vc_column_inner][\/vc_row_inner][\/vc_tta_section][vc_tta_section title=&#8220;DIE KLASSISCHEN GALLZEINER RODELN SPORT:&#8220; tab_id=&#8220;1551159226753-cb49631b-ad66&#8243;][vc_row_inner][vc_column_inner width=&#8220;1\/2&#8243;][vc_single_image image=&#8220;468&#8243; img_size=&#8220;large&#8220;][\/vc_column_inner][vc_column_inner width=&#8220;1\/2&#8243;][vc_column_text] Familientaugliches Allroundger\u00e4t. Durch seine etwas aggressivere (tiefere) Sitzposition und auch st\u00e4rkeren Kantendruck einfach noch mehr Sportlichkeit. [&hellip;]<\/p>\n","protected":false},"author":1,"featured_media":0,"parent":0,"menu_order":0,"comment_status":"closed","ping_status":"closed","template":"","meta":{"footnotes":""},"class_list":["post-374","page","type-page","status-publish","hentry"],"_links":{"self":[{"href":"https:\/\/gallzeiner-rodel.at\/tirol\/wp-json\/wp\/v2\/pages\/374","targetHints":{"allow":["GET"]}}],"collection":[{"href":"https:\/\/gallzeiner-rodel.at\/tirol\/wp-json\/wp\/v2\/pages"}],"about":[{"href":"https:\/\/gallzeiner-rodel.at\/tirol\/wp-json\/wp\/v2\/types\/page"}],"author":[{"embeddable":true,"href":"https:\/\/gallzeiner-rodel.at\/tirol\/wp-json\/wp\/v2\/users\/1"}],"replies":[{"embeddable":true,"href":"https:\/\/gallzeiner-rodel.at\/tirol\/wp-json\/wp\/v2\/comments?post=374"}],"version-history":[{"count":11,"href":"https:\/\/gallzeiner-rodel.at\/tirol\/wp-json\/wp\/v2\/pages\/374\/revisions"}],"predecessor-version":[{"id":939,"href":"https:\/\/gallzeiner-rodel.at\/tirol\/wp-json\/wp\/v2\/pages\/374\/revisions\/939"}],"wp:attachment":[{"href":"https:\/\/gallzeiner-rodel.at\/tirol\/wp-json\/wp\/v2\/media?parent=374"}],"curies":[{"name":"wp","href":"https:\/\/api.w.org\/{rel}","templated":true}]}}