{"id":481,"date":"2019-01-08T12:01:05","date_gmt":"2019-01-08T11:01:05","guid":{"rendered":"http:\/\/gallzeiner-rodel.at\/tirol\/?page_id=481"},"modified":"2025-08-08T14:24:56","modified_gmt":"2025-08-08T12:24:56","slug":"elite_wr_professionell","status":"publish","type":"page","link":"https:\/\/gallzeiner-rodel.at\/tirol\/elite_wr_professionell\/","title":{"rendered":"Elite WR Professionell + Vision"},"content":{"rendered":"<p>[vc_row][vc_column]<div class=\"section_header tblock-box text-center  \"><h3 class=\"tblock \" style=\"color:#5e4a3c !important;\">Das aktuelle Modell im Rodel-Rennsport, n\u00e4here Infos bei eurem Rodelmacher Bernhard, limitierte Auflage.<\/h3><\/div>[vc_empty_space][vc_column_text css=&#8220;.vc_custom_1664869838021{padding-top: 20px !important;padding-right: 20px !important;padding-bottom: 30px !important;padding-left: 20px !important;background-color: #c9ac5f !important;border-radius: 10px !important;}&#8220;]<\/p>\n<h4 style=\"text-align: center;\"><span class=\"gvxzyvdx aeinzg81 t7p7dqev gh25dzvf tb6i94ri gupuyl1y i2onq4tn b6ax4al1 gem102v4 ncib64c9 mrvwc6qr sx8pxkcf f597kf1v cpcgwwas m2nijcs8 hxfwr5lz k1z55t6l oog5qr5w tes86rjd pbevjfx6 ztn2w49o\" dir=\"auto\" style=\"color: #5a483b;\">\u201eAlle Farbangaben bei zB. Sitzfl\u00e4chen oder Bestickung ohne Gew\u00e4hr \u2013 Abweichungen m\u00f6glich\u201c<\/span><\/h4>\n<p>[\/vc_column_text][\/vc_column][\/vc_row][vc_row][vc_column][vc_tta_accordion style=&#8220;outline&#8220; color=&#8220;chino&#8220; spacing=&#8220;20&#8243; active_section=&#8220;1&#8243; no_fill=&#8220;true&#8220; collapsible_all=&#8220;true&#8220;][vc_tta_section title=&#8220;Rennmodell: ELITE WR PROFESSIONELL&#8220; tab_id=&#8220;1546883935635-f07ef62d-0638&#8243;][vc_row_inner][vc_column_inner]<div class=\"section_header tblock-box text-center  \"><h2 class=\"tblock \" style=\"color:#5e4a3c !important;\">Gallzeiner Rodel Rennmodell \u201eElite Werksrennversion Professional\u201c mit Racingschiene<\/h2><\/div>[vc_empty_space height=&#8220;20px&#8220;][\/vc_column_inner][\/vc_row_inner][vc_row_inner][vc_column_inner width=&#8220;1\/2&#8243;][vc_single_image image=&#8220;485&#8243; img_size=&#8220;large&#8220; onclick=&#8220;img_link_large&#8220;][vc_empty_space height=&#8220;20px&#8220;][vc_btn title=&#8220;<strong>\u20ac 620,00<\/strong> <em>inkl. 20% MwSt.<\/em>&#8222;][vc_column_text]<strong>Rennmodell-Preis inklusive Rennriemen (Stahlseil)<\/strong><\/p>\n<p><strong>Gegen Aufpreis Bestickung (Name, Motiv) und Spritzschutz m\u00f6glich.!<\/strong><\/p>\n<p><em><span style=\"color: #5e4a3c;\"><strong>(nur auf Bestellung, verschiedene Einstellm\u00f6glichkeiten, Schneeracing, Aktiv\u2026.. siehe Modellbeschreibungen, bzw. Info bei Bernhard)<\/strong><\/span><\/em>[\/vc_column_text][\/vc_column_inner][vc_column_inner width=&#8220;1\/2&#8243;][vc_single_image image=&#8220;484&#8243; img_size=&#8220;large&#8220; onclick=&#8220;img_link_large&#8220;][vc_single_image image=&#8220;486&#8243; img_size=&#8220;large&#8220; onclick=&#8220;img_link_large&#8220;][\/vc_column_inner][\/vc_row_inner][vc_row_inner][vc_column_inner width=&#8220;1\/4&#8243;][vc_btn title=&#8220;FARBEN: SITZFL\u00c4CHE&#8220; style=&#8220;gradient-custom&#8220; gradient_custom_color_1=&#8220;#c9ac5f&#8220; gradient_custom_color_2=&#8220;#ffffff&#8220; gradient_text_color=&#8220;#5e4a3c&#8220; shape=&#8220;round&#8220; i_icon_fontawesome=&#8220;fa fa-eye&#8220; add_icon=&#8220;true&#8220; link=&#8220;url:https%3A%2F%2Fgallzeiner-rodel.at%2Ftirol%2Fwp-content%2Fuploads%2F2020%2F06%2FSegeltuchfarben_2020_Sitzflaeche.jpg|||&#8220;][\/vc_column_inner][vc_column_inner width=&#8220;1\/4&#8243;][vc_btn title=&#8220;FARBEN: BESTICKUNG&#8220; style=&#8220;gradient-custom&#8220; gradient_custom_color_1=&#8220;#c9ac5f&#8220; gradient_custom_color_2=&#8220;#ffffff&#8220; gradient_text_color=&#8220;#5e4a3c&#8220; shape=&#8220;round&#8220; i_icon_fontawesome=&#8220;fa fa-eye&#8220; add_icon=&#8220;true&#8220; link=&#8220;url:https%3A%2F%2Fgallzeiner-rodel.at%2Ftirol%2Fwp-content%2Fuploads%2F2020%2F06%2FSeidenfarben_Muster.jpg|||&#8220;][\/vc_column_inner][vc_column_inner width=&#8220;1\/4&#8243;][vc_btn title=&#8220;Bestickung: Schriftarten&#8220; style=&#8220;gradient-custom&#8220; gradient_custom_color_1=&#8220;#c9ac5f&#8220; gradient_custom_color_2=&#8220;#ffffff&#8220; gradient_text_color=&#8220;#5e4a3c&#8220; shape=&#8220;round&#8220; i_icon_fontawesome=&#8220;fa fa-eye&#8220; add_icon=&#8220;true&#8220; link=&#8220;url:https%3A%2F%2Fgallzeiner-rodel.at%2Ftirol%2Fwp-content%2Fuploads%2F2020%2F11%2FSchriftarten_Rodelsitze_Gallzeiner_Rodel_GmbH.pdf||target:%20_blank|&#8220;][\/vc_column_inner][vc_column_inner width=&#8220;1\/4&#8243;][vc_btn title=&#8220;Bestickung: Motive Rodelsitz&#8220; style=&#8220;gradient-custom&#8220; gradient_custom_color_1=&#8220;#c9ac5f&#8220; gradient_custom_color_2=&#8220;#ffffff&#8220; gradient_text_color=&#8220;#5e4a3c&#8220; shape=&#8220;round&#8220; i_icon_fontawesome=&#8220;fa fa-eye&#8220; add_icon=&#8220;true&#8220; link=&#8220;url:https%3A%2F%2Fgallzeiner-rodel.at%2Ftirol%2Fwp-content%2Fuploads%2F2020%2F11%2FMotive_Rodelsitze_Gallzeiner_Rodel_GmbH.pdf||target:%20_blank|&#8220;][\/vc_column_inner][\/vc_row_inner][vc_row_inner][vc_column_inner][vc_column_text]<span style=\"color: #5e4a3c;\"><em><strong>NEUE Stofftrends auf Anfrage!<\/strong><\/em><\/span>[\/vc_column_text][\/vc_column_inner][\/vc_row_inner][\/vc_tta_section][vc_tta_section title=&#8220;Rennmodell: GALLZEINER RODEL &#8211; VISION&#8220; tab_id=&#8220;1546946086407-aeefbc0b-aa0b&#8220;][vc_row_inner][vc_column_inner]<div class=\"section_header tblock-box text-center  \"><h2 class=\"tblock \" style=\"color:#5e4a3c !important;\">Gallzeiner Rodel Rennmodell \u201eVISION\u201c<\/h2><\/div>[vc_empty_space height=&#8220;20px&#8220;][\/vc_column_inner][\/vc_row_inner][vc_row_inner][vc_column_inner][vc_single_image image=&#8220;645&#8243; img_size=&#8220;full&#8220; onclick=&#8220;img_link_large&#8220;][vc_empty_space height=&#8220;20px&#8220;][vc_column_text]<strong>\u00a0<\/strong><\/p>\n<p><em><span style=\"color: #5e4a3c;\"><strong>SPEZIALANFERTIGUNG: nur auf SOMMERBESTELLUNG<br \/>\n<\/strong><\/span><\/em><\/p>\n<p><em><span style=\"color: #5e4a3c;\"><strong>Gallzeiner Rodel \u201eVISION\u201c<br \/>\nNur als Sommerbestellung (bis ende August) bietet die Gallzeiner Rodelwerkstatt \u201eStammkunden\u201c die M\u00f6glichkeit \u201eausschlie\u00dflich\u201c in einem pers\u00f6nlichen Beratungsgespr\u00e4ch seine eigenen Sonderw\u00fcnsche umsetzen zu lassen.<br \/>\n<\/strong><\/span><\/em>[\/vc_column_text][\/vc_column_inner][\/vc_row_inner][\/vc_tta_section][\/vc_tta_accordion][\/vc_column][\/vc_row]<\/p>\n","protected":false},"excerpt":{"rendered":"<p>[vc_row][vc_column][vc_empty_space][vc_column_text css=&#8220;.vc_custom_1664869838021{padding-top: 20px !important;padding-right: 20px !important;padding-bottom: 30px !important;padding-left: 20px !important;background-color: #c9ac5f !important;border-radius: 10px !important;}&#8220;] \u201eAlle Farbangaben bei zB. Sitzfl\u00e4chen oder Bestickung ohne Gew\u00e4hr \u2013 Abweichungen m\u00f6glich\u201c [\/vc_column_text][\/vc_column][\/vc_row][vc_row][vc_column][vc_tta_accordion style=&#8220;outline&#8220; color=&#8220;chino&#8220; spacing=&#8220;20&#8243; active_section=&#8220;1&#8243; no_fill=&#8220;true&#8220; collapsible_all=&#8220;true&#8220;][vc_tta_section title=&#8220;Rennmodell: ELITE WR PROFESSIONELL&#8220; tab_id=&#8220;1546883935635-f07ef62d-0638&#8243;][vc_row_inner][vc_column_inner][vc_empty_space height=&#8220;20px&#8220;][\/vc_column_inner][\/vc_row_inner][vc_row_inner][vc_column_inner width=&#8220;1\/2&#8243;][vc_single_image image=&#8220;485&#8243; img_size=&#8220;large&#8220; onclick=&#8220;img_link_large&#8220;][vc_empty_space height=&#8220;20px&#8220;][vc_btn title=&#8220;\u20ac 620,00 inkl. 20% MwSt.&#8222;][vc_column_text]Rennmodell-Preis inklusive Rennriemen (Stahlseil) Gegen Aufpreis Bestickung [&hellip;]<\/p>\n","protected":false},"author":1,"featured_media":466,"parent":0,"menu_order":0,"comment_status":"closed","ping_status":"closed","template":"","meta":{"footnotes":""},"class_list":["post-481","page","type-page","status-publish","has-post-thumbnail","hentry"],"_links":{"self":[{"href":"https:\/\/gallzeiner-rodel.at\/tirol\/wp-json\/wp\/v2\/pages\/481","targetHints":{"allow":["GET"]}}],"collection":[{"href":"https:\/\/gallzeiner-rodel.at\/tirol\/wp-json\/wp\/v2\/pages"}],"about":[{"href":"https:\/\/gallzeiner-rodel.at\/tirol\/wp-json\/wp\/v2\/types\/page"}],"author":[{"embeddable":true,"href":"https:\/\/gallzeiner-rodel.at\/tirol\/wp-json\/wp\/v2\/users\/1"}],"replies":[{"embeddable":true,"href":"https:\/\/gallzeiner-rodel.at\/tirol\/wp-json\/wp\/v2\/comments?post=481"}],"version-history":[{"count":10,"href":"https:\/\/gallzeiner-rodel.at\/tirol\/wp-json\/wp\/v2\/pages\/481\/revisions"}],"predecessor-version":[{"id":1506,"href":"https:\/\/gallzeiner-rodel.at\/tirol\/wp-json\/wp\/v2\/pages\/481\/revisions\/1506"}],"wp:featuredmedia":[{"embeddable":true,"href":"https:\/\/gallzeiner-rodel.at\/tirol\/wp-json\/wp\/v2\/media\/466"}],"wp:attachment":[{"href":"https:\/\/gallzeiner-rodel.at\/tirol\/wp-json\/wp\/v2\/media?parent=481"}],"curies":[{"name":"wp","href":"https:\/\/api.w.org\/{rel}","templated":true}]}}