{"id":582,"date":"2019-01-09T08:32:47","date_gmt":"2019-01-09T07:32:47","guid":{"rendered":"http:\/\/gallzeiner-rodel.at\/tirol\/?page_id=582"},"modified":"2019-01-09T09:15:28","modified_gmt":"2019-01-09T08:15:28","slug":"impressum","status":"publish","type":"page","link":"https:\/\/gallzeiner-rodel.at\/tirol\/impressum\/","title":{"rendered":"Impressum"},"content":{"rendered":"<p>[vc_row][vc_column width=&#8220;1\/2&#8243;][vc_column_text]<\/p>\n<h4>Impressum Angaben:<\/h4>\n<p><strong>Gallzeiner Rodel GmbH<\/strong><br \/>\n6220 St. Margarethen 152f,<br \/>\nTirol, \u00d6sterreich<\/p>\n<p><strong>Gesch\u00e4ftsf\u00fchrer<\/strong><br \/>\nBernhard Lederwasch<\/p>\n<p><strong>UID-Nummer:<\/strong> ATUxxx<br \/>\n<strong>Firmenbuchnummer:<\/strong> 413577b<br \/>\n<strong>Firmenbuchgericht:<\/strong> Landesgericht Innsbruck<br \/>\n<strong>Firmensitz:<\/strong> 6220 St. Margarethen<\/p>\n<p><strong>Tel.:<\/strong>\u00a0<a href=\"tel:+43524465093\">+43 5244 65093<\/a><br \/>\n<strong>E-Mail:<\/strong>\u00a0<a href=\"mailto:office@gallzeiner-rodel.at\">office@gallzeiner-rodel.at<\/a><\/p>\n<p>Mitglied bei der WKO,\u00a0LI Tischler und Holzgestalter<br \/>\n<strong>Berufsrecht:<\/strong> Gewerbeordnung: www.ris.bka.gv.at<\/p>\n<p><strong>Aufsichtsbeh\u00f6rde\/Gewerbebeh\u00f6rde:<\/strong> Bezirkshauptmannschaft Schwaz<\/p>\n<div>Verbraucher haben die M\u00f6glichkeit, Beschwerden an die Online Streit beilegungsplattform der EU zu richten: <a href=\"http:\/\/ec.europa.eu\/odr\">http:\/\/ec.europa.eu\/odr<\/a><\/div>\n<div><\/div>\n<div>Sie k\u00f6nnen allf\u00e4llige Beschwerde auch an die oben angegebene E-Mail-Adresse richten.<\/div>\n<p>&nbsp;<\/p>\n<hr \/>\n<h5><\/h5>\n<h5>Website Umsetzung \/ Design:<\/h5>\n<h5><a href=\"https:\/\/www.agentur13.at\" target=\"_blank\" rel=\"noopener\"><img decoding=\"async\" class=\"alignnone wp-image-585\" src=\"http:\/\/gallzeiner-rodel.at\/tirol\/wp-content\/uploads\/2019\/01\/IMPRESSUM_AGENTUR13.png\" alt=\"\" width=\"250\" height=\"75\" srcset=\"https:\/\/gallzeiner-rodel.at\/tirol\/wp-content\/uploads\/2019\/01\/IMPRESSUM_AGENTUR13.png 400w, https:\/\/gallzeiner-rodel.at\/tirol\/wp-content\/uploads\/2019\/01\/IMPRESSUM_AGENTUR13-300x90.png 300w\" sizes=\"(max-width: 250px) 100vw, 250px\" \/><\/a><\/h5>\n<p><a title=\"Werbeagentur Tirol\" href=\"http:\/\/www.agentur13.at\/\" target=\"_blank\" rel=\"noopener\"><span style=\"color: #333333;\"><strong>agentur 13 | Werbeagentur Tirol<\/strong><\/span><br \/>\n<strong>www.agentur13.tirol<\/strong><\/a><\/p>\n<hr \/>\n<h5><\/h5>\n<h5>Quellenangaben f\u00fcr die verwendeten Bilder und Grafiken:<\/h5>\n<p><strong>Archiv:<\/strong> Gallzeiner Rodel GmbH<\/p>\n<p><strong>Produktfotos:<\/strong>\u00a0<span style=\"color: #333333;\"><a style=\"color: #333333;\" title=\"Werbeagentur\" href=\"http:\/\/www.agentur13.at\/\" target=\"_blank\" rel=\"noopener\">www.agentur13.at<\/a><strong><a style=\"color: #333333;\" title=\"Werbeagentur\" href=\"http:\/\/www.agentur13.at\/\" target=\"_blank\" rel=\"noopener\"><br \/>\n<\/a><\/strong><\/span>[\/vc_column_text][\/vc_column][vc_column width=&#8220;1\/2&#8243;][vc_column_text]<\/p>\n<h4>Haftungsausschluss (Disclaimer)<\/h4>\n<p><strong>Haftung f\u00fcr Inhalte<\/strong><\/p>\n<p>Als Diensteanbieter sind wir gem\u00e4\u00df \u00a7 7 Abs.1 TMG f\u00fcr eigene Inhalte auf diesen Seiten nach den allgemeinen Gesetzen verantwortlich. Nach \u00a7\u00a7 8 bis 10 TMG sind wir als Diensteanbieter jedoch nicht verpflichtet, \u00fcbermittelte oder gespeicherte fremde Informationen zu \u00fcberwachen oder nach Umst\u00e4nden zu forschen, die auf eine rechtswidrige T\u00e4tigkeit hinweisen. Verpflichtungen zur Entfernung oder Sperrung der Nutzung von Informationen nach den allgemeinen Gesetzen bleiben hiervon unber\u00fchrt. Eine diesbez\u00fcgliche Haftung ist jedoch erst ab dem Zeitpunkt der Kenntnis einer konkreten Rechtsverletzung m\u00f6glich. Bei Bekanntwerden von entsprechenden Rechtsverletzungen werden wir diese Inhalte umgehend entfernen.<\/p>\n<p>&nbsp;<\/p>\n<p><strong>Haftung f\u00fcr Links<\/strong><\/p>\n<p>Unser Angebot enth\u00e4lt Links zu externen Webseiten Dritter, auf deren Inhalte wir keinen Einfluss haben. Deshalb k\u00f6nnen wir f\u00fcr diese fremden Inhalte auch keine Gew\u00e4hr \u00fcbernehmen. F\u00fcr die Inhalte der verlinkten Seiten ist stets der jeweilige Anbieter oder Betreiber der Seiten verantwortlich. Die verlinkten Seiten wurden zum Zeitpunkt der Verlinkung auf m\u00f6gliche Rechtsverst\u00f6\u00dfe \u00fcberpr\u00fcft. Rechtswidrige Inhalte waren zum Zeitpunkt der Verlinkung nicht erkennbar. Eine permanente inhaltliche Kontrolle der verlinkten Seiten ist jedoch ohne konkrete Anhaltspunkte einer Rechtsverletzung nicht zumutbar. Bei Bekanntwerden von Rechtsverletzungen werden wir derartige Links umgehend entfernen.<\/p>\n<p>&nbsp;<\/p>\n<p><strong>Urheberrecht<\/strong><\/p>\n<p>Die durch die Seitenbetreiber erstellten Inhalte und Werke auf diesen Seiten unterliegen dem deutschen Urheberrecht. Die Vervielf\u00e4ltigung, Bearbeitung, Verbreitung und jede Art der Verwertung au\u00dferhalb der Grenzen des Urheberrechtes bed\u00fcrfen der schriftlichen Zustimmung des jeweiligen Autors bzw. Erstellers. Downloads und Kopien dieser Seite sind nur f\u00fcr den privaten, nicht kommerziellen Gebrauch gestattet. Soweit die Inhalte auf dieser Seite nicht vom Betreiber erstellt wurden, werden die Urheberrechte Dritter beachtet. Insbesondere werden Inhalte Dritter als solche gekennzeichnet. Sollten Sie trotzdem auf eine Urheberrechtsverletzung aufmerksam werden, bitten wir um einen entsprechenden Hinweis. Bei Bekanntwerden von Rechtsverletzungen werden wir derartige Inhalte umgehend entfernen.[\/vc_column_text][\/vc_column][\/vc_row]<\/p>\n","protected":false},"excerpt":{"rendered":"<p>[vc_row][vc_column width=&#8220;1\/2&#8243;][vc_column_text] Impressum Angaben: Gallzeiner Rodel GmbH 6220 St. Margarethen 152f, Tirol, \u00d6sterreich Gesch\u00e4ftsf\u00fchrer Bernhard Lederwasch UID-Nummer: ATUxxx Firmenbuchnummer: 413577b Firmenbuchgericht: Landesgericht Innsbruck Firmensitz: 6220 St. Margarethen Tel.:\u00a0+43 5244 65093 E-Mail:\u00a0office@gallzeiner-rodel.at Mitglied bei der WKO,\u00a0LI Tischler und Holzgestalter Berufsrecht: Gewerbeordnung: www.ris.bka.gv.at Aufsichtsbeh\u00f6rde\/Gewerbebeh\u00f6rde: Bezirkshauptmannschaft Schwaz Verbraucher haben die M\u00f6glichkeit, Beschwerden an die Online Streit beilegungsplattform der [&hellip;]<\/p>\n","protected":false},"author":1,"featured_media":0,"parent":0,"menu_order":0,"comment_status":"closed","ping_status":"closed","template":"","meta":{"footnotes":""},"class_list":["post-582","page","type-page","status-publish","hentry"],"_links":{"self":[{"href":"https:\/\/gallzeiner-rodel.at\/tirol\/wp-json\/wp\/v2\/pages\/582","targetHints":{"allow":["GET"]}}],"collection":[{"href":"https:\/\/gallzeiner-rodel.at\/tirol\/wp-json\/wp\/v2\/pages"}],"about":[{"href":"https:\/\/gallzeiner-rodel.at\/tirol\/wp-json\/wp\/v2\/types\/page"}],"author":[{"embeddable":true,"href":"https:\/\/gallzeiner-rodel.at\/tirol\/wp-json\/wp\/v2\/users\/1"}],"replies":[{"embeddable":true,"href":"https:\/\/gallzeiner-rodel.at\/tirol\/wp-json\/wp\/v2\/comments?post=582"}],"version-history":[{"count":5,"href":"https:\/\/gallzeiner-rodel.at\/tirol\/wp-json\/wp\/v2\/pages\/582\/revisions"}],"predecessor-version":[{"id":584,"href":"https:\/\/gallzeiner-rodel.at\/tirol\/wp-json\/wp\/v2\/pages\/582\/revisions\/584"}],"wp:attachment":[{"href":"https:\/\/gallzeiner-rodel.at\/tirol\/wp-json\/wp\/v2\/media?parent=582"}],"curies":[{"name":"wp","href":"https:\/\/api.w.org\/{rel}","templated":true}]}}