{"id":593,"date":"2019-01-09T14:44:31","date_gmt":"2019-01-09T13:44:31","guid":{"rendered":"http:\/\/gallzeiner-rodel.at\/tirol\/?page_id=593"},"modified":"2024-02-26T14:39:27","modified_gmt":"2024-02-26T13:39:27","slug":"videos","status":"publish","type":"page","link":"https:\/\/gallzeiner-rodel.at\/tirol\/videos\/","title":{"rendered":"Videos"},"content":{"rendered":"<p>[vc_row][vc_column]<div class=\"section_header tblock-box text-center  \"><h1 class=\"tblock \" style=\"color:#5e4a3c !important;\">Gallzeiner Rodel Videogalerie<\/h1><\/div>[vc_empty_space height=&#8220;50px&#8220;][\/vc_column][\/vc_row][vc_row][vc_column width=&#8220;1\/4&#8243;]<div class=\"section_header tblock-box text-left  \"><h2 class=\"tblock \" style=\"color:#5e4a3c !important;\">ORF Tirol Bericht: ``Rodelausflug mit Hubert Gogl``<\/h2><\/div>[vc_empty_space height=&#8220;50px&#8220;][vc_column_text]<strong>Rodler: Bernhard Lederwasch aus Buch<\/strong> \u2013 ein bekannter Rodler und Rodelbauer[\/vc_column_text][\/vc_column][vc_column width=&#8220;3\/4&#8243;][vc_video link=&#8220;https:\/\/youtu.be\/sAIh-_P-7t0&#8243; align=&#8220;center&#8220;][vc_row_inner][vc_column_inner width=&#8220;1\/3&#8243;][vc_raw_html]JTNDcCUzRUFscGludGlwcCUyMCUyMlJvZGVscGZsZWdlJTIyJTNDJTJGcCUzRSUzQ2F1ZGlvJTIwaWQlM0QlMjJhdWRpb193aXRoX2NvbnRyb2xzJTIyJTIwJTBBJTIwJTIwY29udHJvbHMlMEElMjAlMjBzcmMlM0QlMjJodHRwcyUzQSUyRiUyRmdhbGx6ZWluZXItcm9kZWwuYXQlMkZ0aXJvbCUyRndwLWNvbnRlbnQlMkZ1cGxvYWRzJTJGMjAyNCUyRjAyJTJGQWxwaW50aXBwLVJvZGVscGZsZWdlLWF1c2dlc3RyYWhsLTE2MTIyMy5tcDMlMjIlMjAlMEElMjAlMjB0eXBlJTNEJTIyYXVkaW8lMkZtcDMlMjIlMjAlMEElM0UlMEElMjAlMjAlMjAlMjAlMjAlMjAlMjBJaHIlMjBCcm93c2VyJTIwa2FubiUyMGRpZXNlcyUyMFRvbmRva3VtZW50JTIwbmljaHQlMjB3aWVkZXJnZWJlbi4lM0NiciUzRSUwQSUyMCUyMCUyMCUyMCUyMCUyMCUyMEVzJTIwZW50aCVDMyVBNGx0JTIwZWluZSUyMEF1ZmYlQzMlQkNocnVuZyUyMGRlciUyMEV1cm9wYWh5bW5lLiUyMCUwQSUyMCUyMCUyMCUyMCUyMCUyMCUyMFNpZSUyMGslQzMlQjZubmVuJTIwZXMlMjB1bnRlciUwQSUyMCUyMCUyMCUyMCUyMCUyMCUyMCUzQ2ElMjBocmVmJTNEJTIyJTJGbG9jYWwlMkZFdXJvcGFoeW1uZS5tcDMlMjIlM0VkaWVzZW0lMjBMaW5rJTNDJTJGYSUzRSUwQSUyMCUyMCUyMCUyMCUyMCUyMCUyMGFicnVmZW4uJTBBJTNDJTJGYXVkaW8lM0U=[\/vc_raw_html][\/vc_column_inner][vc_column_inner width=&#8220;1\/3&#8243;][vc_raw_html]JTNDcCUzRVJvZGVsdGlwcCUyMG1pdCUyMEJlcm5oYXJkJTNDJTJGcCUzRSUzQ2F1ZGlvJTIwaWQlM0QlMjJhdWRpb193aXRoX2NvbnRyb2xzJTIyJTIwJTBBJTIwJTIwY29udHJvbHMlMEElMjAlMjBzcmMlM0QlMjJodHRwcyUzQSUyRiUyRmdhbGx6ZWluZXItcm9kZWwuYXQlMkZ0aXJvbCUyRndwLWNvbnRlbnQlMkZ1cGxvYWRzJTJGMjAyNCUyRjAyJTJGUm9kZWx0aXBwLW1pdC1CZXJuaGFyZC5tcDMlMjIlMjAlMEElMjAlMjB0eXBlJTNEJTIyYXVkaW8lMkZtcDMlMjIlMjAlMEElM0UlMEElMjAlMjAlMjAlMjAlMjAlMjAlMjBJaHIlMjBCcm93c2VyJTIwa2FubiUyMGRpZXNlcyUyMFRvbmRva3VtZW50JTIwbmljaHQlMjB3aWVkZXJnZWJlbi4lM0NiciUzRSUwQSUyMCUyMCUyMCUyMCUyMCUyMCUyMEVzJTIwZW50aCVDMyVBNGx0JTIwZWluZSUyMEF1ZmYlQzMlQkNocnVuZyUyMGRlciUyMEV1cm9wYWh5bW5lLiUyMCUwQSUyMCUyMCUyMCUyMCUyMCUyMCUyMFNpZSUyMGslQzMlQjZubmVuJTIwZXMlMjB1bnRlciUwQSUyMCUyMCUyMCUyMCUyMCUyMCUyMCUzQ2ElMjBocmVmJTNEJTIyJTJGbG9jYWwlMkZFdXJvcGFoeW1uZS5tcDMlMjIlM0VkaWVzZW0lMjBMaW5rJTNDJTJGYSUzRSUwQSUyMCUyMCUyMCUyMCUyMCUyMCUyMGFicnVmZW4uJTBBJTNDJTJGYXVkaW8lM0U=[\/vc_raw_html][\/vc_column_inner][vc_column_inner width=&#8220;1\/3&#8243;][vc_raw_html]JTNDcCUzRUFscGludGlwcCUyMCUyMlJvZGVsbiUyMG1pdCUyMEtpbmRlcm4lMjIlM0MlMkZwJTNFJTNDYXVkaW8lMjBpZCUzRCUyMmF1ZGlvX3dpdGhfY29udHJvbHMlMjIlMjAlMEElMjAlMjBjb250cm9scyUwQSUyMCUyMHNyYyUzRCUyMmh0dHBzJTNBJTJGJTJGZ2FsbHplaW5lci1yb2RlbC5hdCUyRnRpcm9sJTJGd3AtY29udGVudCUyRnVwbG9hZHMlMkYyMDI0JTJGMDIlMkZBbHBpbnRpcHAtUm9kZWxuLW1pdC1LaW5kZXJuLWF1c2dlc3RyYWhsLTE2MTIyMy53YXYlMjIlMjAlMEElMjAlMjB0eXBlJTNEJTIyYXVkaW8lMkZtcDMlMjIlMjAlMEElM0UlMEElMjAlMjAlMjAlMjAlMjAlMjAlMjBJaHIlMjBCcm93c2VyJTIwa2FubiUyMGRpZXNlcyUyMFRvbmRva3VtZW50JTIwbmljaHQlMjB3aWVkZXJnZWJlbi4lM0NiciUzRSUwQSUyMCUyMCUyMCUyMCUyMCUyMCUyMEVzJTIwZW50aCVDMyVBNGx0JTIwZWluZSUyMEF1ZmYlQzMlQkNocnVuZyUyMGRlciUyMEV1cm9wYWh5bW5lLiUyMCUwQSUyMCUyMCUyMCUyMCUyMCUyMCUyMFNpZSUyMGslQzMlQjZubmVuJTIwZXMlMjB1bnRlciUwQSUyMCUyMCUyMCUyMCUyMCUyMCUyMCUzQ2ElMjBocmVmJTNEJTIyJTJGbG9jYWwlMkZFdXJvcGFoeW1uZS5tcDMlMjIlM0VkaWVzZW0lMjBMaW5rJTNDJTJGYSUzRSUwQSUyMCUyMCUyMCUyMCUyMCUyMCUyMGFicnVmZW4uJTBBJTNDJTJGYXVkaW8lM0U=[\/vc_raw_html][\/vc_column_inner][\/vc_row_inner][\/vc_column][\/vc_row][vc_row][vc_column][vc_zigzag][vc_empty_space][\/vc_column][\/vc_row][vc_row][vc_column width=&#8220;1\/4&#8243;]<div class=\"section_header tblock-box text-left  \"><h2 class=\"tblock \" style=\"color:#5e4a3c !important;\">SERVUS TV ``Hoagascht`` - Rodeln auf der Gallzeiner<\/h2><\/div>[vc_empty_space height=&#8220;50px&#8220;][vc_column_text]<strong>Zu F\u00fc\u00dfen der Tiroler Berge entstehen die legend\u00e4ren Gallzeiner Rodeln.<\/strong> Die Leidenschaft f\u00fcr den Rodelbau eint die Familie Lederwasch in dritter Generation &#8211; und begleitet sie vom Werktisch bis zur Rennstrecke.[\/vc_column_text][\/vc_column][vc_column width=&#8220;3\/4&#8243;][vc_video link=&#8220;https:\/\/vimeo.com\/914726800\/c0882d5fdb?share=copy&#8220; align=&#8220;center&#8220;][\/vc_column][\/vc_row][vc_row][vc_column][vc_zigzag][vc_empty_space][\/vc_column][\/vc_row][vc_row][vc_column width=&#8220;1\/4&#8243;]<div class=\"section_header tblock-box text-left  \"><h2 class=\"tblock \" style=\"color:#5e4a3c !important;\">ORF Land und Leute - Reportage<\/h2><\/div>[vc_empty_space height=&#8220;50px&#8220;][vc_column_text]<strong>&#8230; einzigartige Handarbeit.<\/strong><br \/>\nVor fast 50 Jahren begann ein Rodelsportler aus Gallzein im Tiroler Bezirk Schwaz, seine Rodeln selbst herzustellen. Daraus wurde ein Betrieb, der j\u00e4hrlich an die 800 \u201eGallzeiner Rodeln\u201c in Handarbeit f\u00fcr Hobby-Rodler und Spitzensportler fertigt \u2013 jedes St\u00fcck ein Unikat.[\/vc_column_text][\/vc_column][vc_column width=&#8220;3\/4&#8243;][vc_video link=&#8220;https:\/\/youtu.be\/DXGHPUs0Plc&#8220; align=&#8220;center&#8220;][\/vc_column][\/vc_row][vc_row][vc_column][vc_zigzag][vc_empty_space][\/vc_column][\/vc_row][vc_row][vc_column width=&#8220;1\/4&#8243;]<div class=\"section_header tblock-box text-left  \"><h2 class=\"tblock \" style=\"color:#5e4a3c !important;\">Tirol TV ``Allerhand aus dem Tiroler-Land``<\/h2><\/div>[vc_empty_space height=&#8220;50px&#8220;][vc_column_text]&#8230;\u00a0zu Besuch bei den <strong>Gallzeiner Rodeln<\/strong>.[\/vc_column_text][\/vc_column][vc_column width=&#8220;3\/4&#8243;][vc_video link=&#8220;https:\/\/youtu.be\/FehfNikfx7E&#8220; align=&#8220;center&#8220;][\/vc_column][\/vc_row][vc_row][vc_column][vc_zigzag][vc_empty_space][\/vc_column][\/vc_row][vc_row][vc_column width=&#8220;1\/4&#8243;]<div class=\"section_header tblock-box text-left  \"><h2 class=\"tblock \" style=\"color:#5e4a3c !important;\">ORF ``Heute Leben``<\/h2><\/div>[vc_empty_space height=&#8220;50px&#8220;][vc_column_text]&#8230; besuchte die Tiroler Handwerker-Familie Bernhard und Helga Lederwasch, die die ber\u00fchmte <strong>&#8222;Gallzeiner Rodel&#8220;<\/strong> herstellt.[\/vc_column_text][\/vc_column][vc_column width=&#8220;3\/4&#8243;][vc_video link=&#8220;https:\/\/youtu.be\/gK0T08OYuLE&#8220; align=&#8220;center&#8220;][\/vc_column][\/vc_row][vc_row][vc_column][vc_zigzag][vc_empty_space][\/vc_column][\/vc_row][vc_row][vc_column width=&#8220;1\/4&#8243;]<div class=\"section_header tblock-box text-left  \"><h2 class=\"tblock \" style=\"color:#5e4a3c !important;\">Trainingsfahrt von Michael Hautz<\/h2><\/div>[vc_empty_space height=&#8220;50px&#8220;][vc_column_text]&#8230; in Ried Oberinntal mit einer <strong>Gallzeiner-Rodel.<\/strong>[\/vc_column_text][\/vc_column][vc_column width=&#8220;3\/4&#8243;][vc_video link=&#8220;https:\/\/youtu.be\/IyL26E9ydB0&#8243; align=&#8220;center&#8220;][\/vc_column][\/vc_row][vc_row][vc_column][vc_zigzag][vc_empty_space][\/vc_column][\/vc_row][vc_row][vc_column width=&#8220;1\/4&#8243;]<div class=\"section_header tblock-box text-left  \"><h2 class=\"tblock \" style=\"color:#5e4a3c !important;\">ORF Tirol - Interview<\/h2><\/div>[vc_empty_space height=&#8220;50px&#8220;][vc_column_text]&#8230; Helena Fr\u00f6hlich (ORF Tirol) im Gespr\u00e4ch mit Rodelexperte Bernhard Lederwasch, Chef der <strong>Gallzeiner Rodelerzeugung<\/strong>, beim Tag des Rodelns in S\u00f6ll. (Hexenritt Rodelbahn)[\/vc_column_text][\/vc_column][vc_column width=&#8220;3\/4&#8243;][vc_video link=&#8220;https:\/\/youtu.be\/E-McX7spbZk&#8220; align=&#8220;center&#8220;][\/vc_column][\/vc_row][vc_row][vc_column][vc_zigzag][vc_empty_space][\/vc_column][\/vc_row][vc_row][vc_column width=&#8220;1\/4&#8243;]<div class=\"section_header tblock-box text-left  \"><h2 class=\"tblock \" style=\"color:#5e4a3c !important;\">Servus TV - Rodelausflug mit Andreas J\u00e4ger<\/h2><\/div>[vc_empty_space height=&#8220;50px&#8220;][vc_column_text]&#8230; Rodelausflug mit dem bekannten Moderator Andreas J\u00e4ger von Servus TV. Bernhard plaudert mit Andreas \u00fcber&#8217;s Rodeln und Schnee auf der ber\u00fchmten Hexenritt Rodelbahn in S\u00f6ll.[\/vc_column_text][\/vc_column][vc_column width=&#8220;3\/4&#8243;][vc_video link=&#8220;https:\/\/youtu.be\/YC1B6WW5tI4&#8243; align=&#8220;center&#8220;][\/vc_column][\/vc_row][vc_row][vc_column][vc_zigzag][vc_empty_space][\/vc_column][\/vc_row][vc_row][vc_column width=&#8220;1\/4&#8243;]<div class=\"section_header tblock-box text-left  \"><h2 class=\"tblock \" style=\"color:#5e4a3c !important;\">Servus TV zu Gast bei der Gallzeiner Rodelerzeugung.<\/h2><\/div>[vc_empty_space height=&#8220;50px&#8220;][vc_column_text]&#8230; Bernhard zeigt wie man eine Rodel steuert, bremst und baut.[\/vc_column_text][\/vc_column][vc_column width=&#8220;3\/4&#8243;][vc_video link=&#8220;https:\/\/youtu.be\/S-4uav00WTo&#8220; align=&#8220;center&#8220;][\/vc_column][\/vc_row][vc_row][vc_column][vc_zigzag][vc_empty_space][\/vc_column][\/vc_row][vc_row][vc_column width=&#8220;1\/4&#8243;]<div class=\"section_header tblock-box text-left  \"><h2 class=\"tblock \" style=\"color:#5e4a3c !important;\">Galileo Pro7 - Der perfekte Schlitten<\/h2><\/div>[vc_empty_space height=&#8220;50px&#8220;][vc_column_text]Galileo nimmt das Flaggschiff der Gallzeiner Rodelerzeugung, unsere Werksrennversion Professionell unter die Lupe.<\/p>\n<p>\u00a9 ProSieben[\/vc_column_text][\/vc_column][vc_column width=&#8220;3\/4&#8243;][vc_single_image image=&#8220;687&#8243; img_size=&#8220;full&#8220; alignment=&#8220;center&#8220; onclick=&#8220;custom_link&#8220; img_link_target=&#8220;_blank&#8220; link=&#8220;https:\/\/www.prosieben.at\/tv\/galileo\/videos\/der-perfekte-schlitten-clip&#8220;][\/vc_column][\/vc_row][vc_row][vc_column][vc_zigzag][vc_empty_space][\/vc_column][\/vc_row][vc_row][vc_column width=&#8220;1\/4&#8243;]<div class=\"section_header tblock-box text-left  \"><h2 class=\"tblock \" style=\"color:#5e4a3c !important;\">ORF TIROL - Interview<\/h2><\/div>[vc_empty_space height=&#8220;50px&#8220;][vc_column_text]&#8230; mit dem bekannten Moderator Hubert Gogl (ORF Tirol), Autor verschiedener B\u00fccher im Tourenbereich z.B. Rodelf\u00fchrer Tirol![\/vc_column_text][\/vc_column][vc_column width=&#8220;3\/4&#8243;][vc_video link=&#8220;https:\/\/youtu.be\/Lbj1SxTq2tc&#8220; align=&#8220;center&#8220;][\/vc_column][\/vc_row][vc_row][vc_column][vc_zigzag][vc_empty_space][\/vc_column][\/vc_row]<\/p>\n","protected":false},"excerpt":{"rendered":"<p>[vc_row][vc_column][vc_empty_space height=&#8220;50px&#8220;][\/vc_column][\/vc_row][vc_row][vc_column width=&#8220;1\/4&#8243;][vc_empty_space height=&#8220;50px&#8220;][vc_column_text]Rodler: Bernhard Lederwasch aus Buch \u2013 ein bekannter Rodler und Rodelbauer[\/vc_column_text][\/vc_column][vc_column width=&#8220;3\/4&#8243;][vc_video link=&#8220;https:\/\/youtu.be\/sAIh-_P-7t0&#8243; align=&#8220;center&#8220;][vc_row_inner][vc_column_inner width=&#8220;1\/3&#8243;][vc_raw_html]JTNDcCUzRUFscGludGlwcCUyMCUyMlJvZGVscGZsZWdlJTIyJTNDJTJGcCUzRSUzQ2F1ZGlvJTIwaWQlM0QlMjJhdWRpb193aXRoX2NvbnRyb2xzJTIyJTIwJTBBJTIwJTIwY29udHJvbHMlMEElMjAlMjBzcmMlM0QlMjJodHRwcyUzQSUyRiUyRmdhbGx6ZWluZXItcm9kZWwuYXQlMkZ0aXJvbCUyRndwLWNvbnRlbnQlMkZ1cGxvYWRzJTJGMjAyNCUyRjAyJTJGQWxwaW50aXBwLVJvZGVscGZsZWdlLWF1c2dlc3RyYWhsLTE2MTIyMy5tcDMlMjIlMjAlMEElMjAlMjB0eXBlJTNEJTIyYXVkaW8lMkZtcDMlMjIlMjAlMEElM0UlMEElMjAlMjAlMjAlMjAlMjAlMjAlMjBJaHIlMjBCcm93c2VyJTIwa2FubiUyMGRpZXNlcyUyMFRvbmRva3VtZW50JTIwbmljaHQlMjB3aWVkZXJnZWJlbi4lM0NiciUzRSUwQSUyMCUyMCUyMCUyMCUyMCUyMCUyMEVzJTIwZW50aCVDMyVBNGx0JTIwZWluZSUyMEF1ZmYlQzMlQkNocnVuZyUyMGRlciUyMEV1cm9wYWh5bW5lLiUyMCUwQSUyMCUyMCUyMCUyMCUyMCUyMCUyMFNpZSUyMGslQzMlQjZubmVuJTIwZXMlMjB1bnRlciUwQSUyMCUyMCUyMCUyMCUyMCUyMCUyMCUzQ2ElMjBocmVmJTNEJTIyJTJGbG9jYWwlMkZFdXJvcGFoeW1uZS5tcDMlMjIlM0VkaWVzZW0lMjBMaW5rJTNDJTJGYSUzRSUwQSUyMCUyMCUyMCUyMCUyMCUyMCUyMGFicnVmZW4uJTBBJTNDJTJGYXVkaW8lM0U=[\/vc_raw_html][\/vc_column_inner][vc_column_inner width=&#8220;1\/3&#8243;][vc_raw_html]JTNDcCUzRVJvZGVsdGlwcCUyMG1pdCUyMEJlcm5oYXJkJTNDJTJGcCUzRSUzQ2F1ZGlvJTIwaWQlM0QlMjJhdWRpb193aXRoX2NvbnRyb2xzJTIyJTIwJTBBJTIwJTIwY29udHJvbHMlMEElMjAlMjBzcmMlM0QlMjJodHRwcyUzQSUyRiUyRmdhbGx6ZWluZXItcm9kZWwuYXQlMkZ0aXJvbCUyRndwLWNvbnRlbnQlMkZ1cGxvYWRzJTJGMjAyNCUyRjAyJTJGUm9kZWx0aXBwLW1pdC1CZXJuaGFyZC5tcDMlMjIlMjAlMEElMjAlMjB0eXBlJTNEJTIyYXVkaW8lMkZtcDMlMjIlMjAlMEElM0UlMEElMjAlMjAlMjAlMjAlMjAlMjAlMjBJaHIlMjBCcm93c2VyJTIwa2FubiUyMGRpZXNlcyUyMFRvbmRva3VtZW50JTIwbmljaHQlMjB3aWVkZXJnZWJlbi4lM0NiciUzRSUwQSUyMCUyMCUyMCUyMCUyMCUyMCUyMEVzJTIwZW50aCVDMyVBNGx0JTIwZWluZSUyMEF1ZmYlQzMlQkNocnVuZyUyMGRlciUyMEV1cm9wYWh5bW5lLiUyMCUwQSUyMCUyMCUyMCUyMCUyMCUyMCUyMFNpZSUyMGslQzMlQjZubmVuJTIwZXMlMjB1bnRlciUwQSUyMCUyMCUyMCUyMCUyMCUyMCUyMCUzQ2ElMjBocmVmJTNEJTIyJTJGbG9jYWwlMkZFdXJvcGFoeW1uZS5tcDMlMjIlM0VkaWVzZW0lMjBMaW5rJTNDJTJGYSUzRSUwQSUyMCUyMCUyMCUyMCUyMCUyMCUyMGFicnVmZW4uJTBBJTNDJTJGYXVkaW8lM0U=[\/vc_raw_html][\/vc_column_inner][vc_column_inner width=&#8220;1\/3&#8243;][vc_raw_html]JTNDcCUzRUFscGludGlwcCUyMCUyMlJvZGVsbiUyMG1pdCUyMEtpbmRlcm4lMjIlM0MlMkZwJTNFJTNDYXVkaW8lMjBpZCUzRCUyMmF1ZGlvX3dpdGhfY29udHJvbHMlMjIlMjAlMEElMjAlMjBjb250cm9scyUwQSUyMCUyMHNyYyUzRCUyMmh0dHBzJTNBJTJGJTJGZ2FsbHplaW5lci1yb2RlbC5hdCUyRnRpcm9sJTJGd3AtY29udGVudCUyRnVwbG9hZHMlMkYyMDI0JTJGMDIlMkZBbHBpbnRpcHAtUm9kZWxuLW1pdC1LaW5kZXJuLWF1c2dlc3RyYWhsLTE2MTIyMy53YXYlMjIlMjAlMEElMjAlMjB0eXBlJTNEJTIyYXVkaW8lMkZtcDMlMjIlMjAlMEElM0UlMEElMjAlMjAlMjAlMjAlMjAlMjAlMjBJaHIlMjBCcm93c2VyJTIwa2FubiUyMGRpZXNlcyUyMFRvbmRva3VtZW50JTIwbmljaHQlMjB3aWVkZXJnZWJlbi4lM0NiciUzRSUwQSUyMCUyMCUyMCUyMCUyMCUyMCUyMEVzJTIwZW50aCVDMyVBNGx0JTIwZWluZSUyMEF1ZmYlQzMlQkNocnVuZyUyMGRlciUyMEV1cm9wYWh5bW5lLiUyMCUwQSUyMCUyMCUyMCUyMCUyMCUyMCUyMFNpZSUyMGslQzMlQjZubmVuJTIwZXMlMjB1bnRlciUwQSUyMCUyMCUyMCUyMCUyMCUyMCUyMCUzQ2ElMjBocmVmJTNEJTIyJTJGbG9jYWwlMkZFdXJvcGFoeW1uZS5tcDMlMjIlM0VkaWVzZW0lMjBMaW5rJTNDJTJGYSUzRSUwQSUyMCUyMCUyMCUyMCUyMCUyMCUyMGFicnVmZW4uJTBBJTNDJTJGYXVkaW8lM0U=[\/vc_raw_html][\/vc_column_inner][\/vc_row_inner][\/vc_column][\/vc_row][vc_row][vc_column][vc_zigzag][vc_empty_space][\/vc_column][\/vc_row][vc_row][vc_column width=&#8220;1\/4&#8243;][vc_empty_space height=&#8220;50px&#8220;][vc_column_text]Zu F\u00fc\u00dfen der Tiroler Berge entstehen die legend\u00e4ren Gallzeiner Rodeln. Die Leidenschaft f\u00fcr den Rodelbau eint die Familie Lederwasch in dritter Generation &#8211; und begleitet sie vom Werktisch bis zur Rennstrecke.[\/vc_column_text][\/vc_column][vc_column width=&#8220;3\/4&#8243;][vc_video link=&#8220;https:\/\/vimeo.com\/914726800\/c0882d5fdb?share=copy&#8220; align=&#8220;center&#8220;][\/vc_column][\/vc_row][vc_row][vc_column][vc_zigzag][vc_empty_space][\/vc_column][\/vc_row][vc_row][vc_column [&hellip;]<\/p>\n","protected":false},"author":1,"featured_media":0,"parent":0,"menu_order":0,"comment_status":"closed","ping_status":"closed","template":"","meta":{"footnotes":""},"class_list":["post-593","page","type-page","status-publish","hentry"],"_links":{"self":[{"href":"https:\/\/gallzeiner-rodel.at\/tirol\/wp-json\/wp\/v2\/pages\/593","targetHints":{"allow":["GET"]}}],"collection":[{"href":"https:\/\/gallzeiner-rodel.at\/tirol\/wp-json\/wp\/v2\/pages"}],"about":[{"href":"https:\/\/gallzeiner-rodel.at\/tirol\/wp-json\/wp\/v2\/types\/page"}],"author":[{"embeddable":true,"href":"https:\/\/gallzeiner-rodel.at\/tirol\/wp-json\/wp\/v2\/users\/1"}],"replies":[{"embeddable":true,"href":"https:\/\/gallzeiner-rodel.at\/tirol\/wp-json\/wp\/v2\/comments?post=593"}],"version-history":[{"count":10,"href":"https:\/\/gallzeiner-rodel.at\/tirol\/wp-json\/wp\/v2\/pages\/593\/revisions"}],"predecessor-version":[{"id":1339,"href":"https:\/\/gallzeiner-rodel.at\/tirol\/wp-json\/wp\/v2\/pages\/593\/revisions\/1339"}],"wp:attachment":[{"href":"https:\/\/gallzeiner-rodel.at\/tirol\/wp-json\/wp\/v2\/media?parent=593"}],"curies":[{"name":"wp","href":"https:\/\/api.w.org\/{rel}","templated":true}]}}