{"id":648,"date":"2019-02-26T09:04:00","date_gmt":"2019-02-26T08:04:00","guid":{"rendered":"http:\/\/gallzeiner-rodel.at\/tirol\/?page_id=648"},"modified":"2019-03-02T19:40:19","modified_gmt":"2019-03-02T18:40:19","slug":"rodeltipps","status":"publish","type":"page","link":"https:\/\/gallzeiner-rodel.at\/tirol\/rodeltipps\/","title":{"rendered":"Rodeltipps"},"content":{"rendered":"<p>[vc_row][vc_column]<div class=\"section_header tblock-box text-center  \"><h1 class=\"tblock \" style=\"color:#5e4a3c !important;\">5 wichtige Gallzeiner - Rodeltipps vom Meister Bernhard pers\u00f6nlich.<\/h1><\/div>[vc_empty_space height=&#8220;50px&#8220;][\/vc_column][\/vc_row][vc_row][vc_column width=&#8220;1\/2&#8243;][vc_tta_accordion style=&#8220;modern&#8220; spacing=&#8220;20&#8243; active_section=&#8220;1&#8243; no_fill=&#8220;true&#8220; collapsible_all=&#8220;true&#8220;][vc_tta_section title=&#8220;1. Lagerung&#8220; tab_id=&#8220;1546961443382-2799e5b7-62c0&#8243;][vc_column_text]<strong>Rodel stehend, trocken und bei normaler gleichbleibender Raumtemperatur lagern<\/strong>. Einseitige Belastungen verhindern. Schienen nach jeder Ben\u00fctzung einwachsen. Empfehlung: alle 2-3 Jahre ein Sommerservice![\/vc_column_text][\/vc_tta_section][vc_tta_section title=&#8220;2. Kontrolle&#8220; tab_id=&#8220;1546961613810-dd2eef29-50df&#8220;][vc_column_text]Selber <strong>vor jeder neuen Saison<\/strong> eine Kontrolle durchf\u00fchren, Spur etc![\/vc_column_text][\/vc_tta_section][vc_tta_section title=&#8220;3. Pers\u00f6nlicher Schutz&#8220; tab_id=&#8220;1546961613203-92422136-f81d&#8220;][vc_column_text]Rodelhelm, gutes Schuhwerk event. mit Bremsplatten, elastische Handschuhe. Sicherheit geht vor![\/vc_column_text][\/vc_tta_section][vc_tta_section title=&#8220;4. Rodelk\u00f6nnen&#8220; tab_id=&#8220;1546961612730-33189380-2b15&#8243;][vc_column_text]Geschwindigkeit dem pers\u00f6nl. Rodelk\u00f6nnen anpassen.[\/vc_column_text][\/vc_tta_section][vc_tta_section title=&#8220;5. Rodelbahn&#8220; tab_id=&#8220;1546961612313-4487e8c4-7c64&#8243;][vc_column_text]Gut gesicherte Rodelbahnen ben\u00fctzen.<strong><br \/>\n<\/strong>[\/vc_column_text][\/vc_tta_section][\/vc_tta_accordion][vc_empty_space][vc_column_text]<\/p>\n<h4><span style=\"color: #5e4a3c;\">Viel Spa\u00df und Erfolg beim Rodeln w\u00fcnscht euch euer Bernhard.<\/span><\/h4>\n<p>[\/vc_column_text][\/vc_column][vc_column width=&#8220;1\/2&#8243;][vc_single_image image=&#8220;653&#8243; img_size=&#8220;400&#215;600&#8243; alignment=&#8220;center&#8220;][\/vc_column][\/vc_row]<\/p>\n","protected":false},"excerpt":{"rendered":"<p>[vc_row][vc_column][vc_empty_space height=&#8220;50px&#8220;][\/vc_column][\/vc_row][vc_row][vc_column width=&#8220;1\/2&#8243;][vc_tta_accordion style=&#8220;modern&#8220; spacing=&#8220;20&#8243; active_section=&#8220;1&#8243; no_fill=&#8220;true&#8220; collapsible_all=&#8220;true&#8220;][vc_tta_section title=&#8220;1. Lagerung&#8220; tab_id=&#8220;1546961443382-2799e5b7-62c0&#8243;][vc_column_text]Rodel stehend, trocken und bei normaler gleichbleibender Raumtemperatur lagern. Einseitige Belastungen verhindern. Schienen nach jeder Ben\u00fctzung einwachsen. Empfehlung: alle 2-3 Jahre ein Sommerservice![\/vc_column_text][\/vc_tta_section][vc_tta_section title=&#8220;2. Kontrolle&#8220; tab_id=&#8220;1546961613810-dd2eef29-50df&#8220;][vc_column_text]Selber vor jeder neuen Saison eine Kontrolle durchf\u00fchren, Spur etc![\/vc_column_text][\/vc_tta_section][vc_tta_section title=&#8220;3. Pers\u00f6nlicher Schutz&#8220; tab_id=&#8220;1546961613203-92422136-f81d&#8220;][vc_column_text]Rodelhelm, gutes Schuhwerk event. mit Bremsplatten, elastische [&hellip;]<\/p>\n","protected":false},"author":1,"featured_media":0,"parent":0,"menu_order":0,"comment_status":"closed","ping_status":"closed","template":"","meta":{"footnotes":""},"class_list":["post-648","page","type-page","status-publish","hentry"],"_links":{"self":[{"href":"https:\/\/gallzeiner-rodel.at\/tirol\/wp-json\/wp\/v2\/pages\/648","targetHints":{"allow":["GET"]}}],"collection":[{"href":"https:\/\/gallzeiner-rodel.at\/tirol\/wp-json\/wp\/v2\/pages"}],"about":[{"href":"https:\/\/gallzeiner-rodel.at\/tirol\/wp-json\/wp\/v2\/types\/page"}],"author":[{"embeddable":true,"href":"https:\/\/gallzeiner-rodel.at\/tirol\/wp-json\/wp\/v2\/users\/1"}],"replies":[{"embeddable":true,"href":"https:\/\/gallzeiner-rodel.at\/tirol\/wp-json\/wp\/v2\/comments?post=648"}],"version-history":[{"count":10,"href":"https:\/\/gallzeiner-rodel.at\/tirol\/wp-json\/wp\/v2\/pages\/648\/revisions"}],"predecessor-version":[{"id":940,"href":"https:\/\/gallzeiner-rodel.at\/tirol\/wp-json\/wp\/v2\/pages\/648\/revisions\/940"}],"wp:attachment":[{"href":"https:\/\/gallzeiner-rodel.at\/tirol\/wp-json\/wp\/v2\/media?parent=648"}],"curies":[{"name":"wp","href":"https:\/\/api.w.org\/{rel}","templated":true}]}}